{"id":293,"date":"2022-04-27T22:08:37","date_gmt":"2022-04-27T22:08:37","guid":{"rendered":"https:\/\/solucionestamayo.com\/?page_id=293"},"modified":"2025-11-21T19:02:48","modified_gmt":"2025-11-21T19:02:48","slug":"planes-residenciales","status":"publish","type":"page","link":"https:\/\/tamayotelecom.mx\/index.php\/planes-residenciales\/","title":{"rendered":"Planes Residenciales"},"content":{"rendered":"\n  <div id=\"page-header-406029850\" class=\"page-header-wrapper\">\n  <div class=\"page-title dark featured-title\">\n\n        <div class=\"page-title-bg\">\n      <div class=\"title-bg fill bg-fill\"\n        data-parallax-container=\".page-title\"\n        data-parallax-background\n        data-parallax=\"-\">\n      <\/div>\n      <div class=\"title-overlay fill\"><\/div>\n    <\/div>\n    \n    <div class=\"page-title-inner container align-center flex-row medium-flex-wrap\" >\n              <div class=\"title-wrapper flex-col text-left medium-text-center\">\n          <h1 class=\"entry-title mb-0\">\n            Planes Residenciales          <\/h1>\n        <\/div>\n                    <div class=\"title-content flex-col flex-right text-right medium-text-center\">\n        <ul class=\"nav sm-touch-scroll nav-line nav-uppercase text-left nav-left\"><li class=\"nav-single-page hidden\"><\/li><\/ul>      <\/div>\n    <\/div>\n\n     \n<style>\n#page-header-406029850 {\n  background-color: #173267;\n}\n<\/style>\n  <\/div>\n    <\/div>\n  \n\n\n  <div class=\"banner has-hover has-video\" id=\"banner-1629580641\">\n          <div class=\"banner-inner fill\">\n        <div class=\"banner-bg fill\" >\n            <div class=\"bg fill bg-fill \"><\/div>\n            \t<div class=\"video-overlay no-click fill hide-for-small\"><\/div>\n\t<video class=\"video-bg fill hide-for-small\" preload playsinline autoplay\n\t\tmuted\t\tloop>\n\t\t<source src=\"http:\/\/tamayotelecom.mx\/wp-content\/uploads\/2022\/04\/66_dmlkLTAwMDQ3Ng-Compressed-with-FlexClip-1.mp4\" type=\"video\/mp4\">\t<\/video>\n            <div class=\"overlay\"><\/div>            \n            <div class=\"effect-sparkle bg-effect fill no-click\"><\/div>        <\/div>\n        <div class=\"banner-layers container\">\n            <div class=\"fill banner-link\"><\/div>            \n\n   <div id=\"text-box-1868615930\" class=\"text-box banner-layer x50 md-x10 lg-x10 y50 md-y50 lg-y50 res-text\">\n                                <div class=\"text dark\">\n              \n              <div class=\"text-inner text-center\">\n                  \n\n<h1 style=\"text-align: center;\" data-animate=\"fadeInUp\">NAVEGA SIN LIMITES<\/h1>\n<h3 style=\"text-align: center;\" data-animate=\"fadeInUp\">CON LA MEJOR FIBRA \u00d3PTICA<\/h3>\n<h3 style=\"text-align: center;\" data-animate=\"fadeInUp\">CONTRATA UN PLAN DE&nbsp;<\/h3>\n<h1 style=\"text-align: center;\" data-animate=\"fadeInUp\">200Mbps<\/h1>\n<h4 style=\"text-align: center;\" data-animate=\"fadeInUp\">Y descubre la velocidad de Tamayo Telecom<\/h4>\n<a data-animate=\"fadeInUp\" href=\"https:\/\/tamayotelecom.mx\/index.php\/contacto\/\" target=\"_self\" class=\"button white\"  style=\"border-radius:99px;\">\n    <span>CONTRATA AQUI<\/span>\n  <\/a>\n\n\n\n              <\/div>\n           <\/div>\n                            \n<style>\n#text-box-1868615930 {\n  width: 82%;\n}\n#text-box-1868615930 .text {\n  font-size: 100%;\n}\n@media (min-width:550px) {\n  #text-box-1868615930 {\n    width: 75%;\n  }\n}\n<\/style>\n    <\/div>\n \n\n        <\/div>\n      <\/div>\n\n            \n<style>\n#banner-1629580641 {\n  padding-top: 540px;\n  background-color: rgb(113, 117, 186);\n}\n#banner-1629580641 .bg.bg-loaded {\n  background-image: url(https:\/\/tamayotelecom.mx\/wp-content\/uploads\/2022\/04\/best-friends-watching-streaming-service-together-indoors-1-1024x731.jpg);\n}\n#banner-1629580641 .overlay {\n  background-color: rgba(0,0,0,.5);\n}\n<\/style>\n  <\/div>\n\n\n\n  <div class=\"banner has-hover has-video\" id=\"banner-1822366695\">\n          <div class=\"banner-inner fill\">\n        <div class=\"banner-bg fill\" >\n            <div class=\"bg fill bg-fill \"><\/div>\n            \t<div class=\"video-overlay no-click fill hide-for-small\"><\/div>\n\t<video class=\"video-bg fill hide-for-small\" preload playsinline autoplay\n\t\tmuted\t\tloop>\n\t\t<source src=\"http:\/\/tamayotelecom.mx\/wp-content\/uploads\/2022\/04\/Optical-Fibre-Signals-Compressed-with-FlexClip-1-Compressed-with-FlexClip.mp4\" type=\"video\/mp4\">\t<\/video>\n            <div class=\"overlay\"><\/div>            \n            <div class=\"effect-sparkle bg-effect fill no-click\"><\/div>        <\/div>\n        <div class=\"banner-layers container\">\n            <div class=\"fill banner-link\"><\/div>            \n\n   <div id=\"text-box-1301979695\" class=\"text-box banner-layer x0 md-x5 lg-x5 y25 md-y70 lg-y75 res-text\">\n              <div data-parallax=\"2\" data-parallax-fade=\"true\">                  <div class=\"text dark\">\n              \n              <div class=\"text-inner text-center\">\n                  \n\n\t<div id=\"text-2132985020\" class=\"text\">\n\t\t\n\n<h1 data-animate=\"fadeInRight\">200Mbps<\/h1>\n<p data-animate=\"fadeInRight\">200Mbps DE SUBIDA <img loading=\"lazy\" decoding=\"async\" class=\"alignnonewp-image-190\" src=\"http:\/\/tamayotelecom.mx\/wp-content\/uploads\/2022\/04\/icons8-subir.gif\" alt=\"\" width=\"21\" height=\"21\" \/>\u00a0<\/p>\n<p data-animate=\"fadeInRight\">200Mbps DE DESCARGAR <img loading=\"lazy\" decoding=\"async\" class=\"alignnonewp-image-189\" src=\"http:\/\/tamayotelecom.mx\/wp-content\/uploads\/2022\/04\/icons8-descargar.gif\" alt=\"\" width=\"20\" height=\"20\" \/><\/p>\n<h3 data-animate=\"fadeInRight\">$400* al MES<\/h3>\n<p>\u00a0<\/p>\n<p>\u00a0<\/p>\n\t\t\n<style>\n#text-2132985020 {\n  font-size: 0.75rem;\n}\n<\/style>\n\t<\/div>\n\t\n\n              <\/div>\n           <\/div>\n              <\/div>              \n<style>\n#text-box-1301979695 {\n  width: 52%;\n}\n#text-box-1301979695 .text {\n  font-size: 100%;\n}\n@media (min-width:550px) {\n  #text-box-1301979695 {\n    width: 22%;\n  }\n}\n@media (min-width:850px) {\n  #text-box-1301979695 {\n    width: 23%;\n  }\n}\n<\/style>\n    <\/div>\n \n   <div id=\"text-box-147253019\" class=\"text-box banner-layer x95 md-x5 lg-x5 y70 md-y100 lg-y100 res-text\">\n              <div data-parallax=\"2\" data-parallax-fade=\"true\">                  <div class=\"text dark\">\n              \n              <div class=\"text-inner text-center\">\n                  \n\n<h1 data-animate=\"fadeInRight\">1000Mbps<\/h1>\n<p data-animate=\"fadeInRight\">1000Mbps DE SUBIDA <img loading=\"lazy\" decoding=\"async\" class=\"alignnonewp-image-190\" src=\"http:\/\/tamayotelecom.mx\/wp-content\/uploads\/2022\/04\/icons8-subir.gif\" alt=\"\" width=\"17\" height=\"17\">&nbsp;<\/p>\n<p data-animate=\"fadeInRight\">1000Mbps DE DESCARGAR <img loading=\"lazy\" decoding=\"async\" class=\"alignnonewp-image-189\" src=\"http:\/\/tamayotelecom.mx\/wp-content\/uploads\/2022\/04\/icons8-descargar.gif\" alt=\"\" width=\"17\" height=\"17\"><\/p>\n<h3 data-animate=\"fadeInRight\">$1160* al MES<\/h3>\n<p>&nbsp;<\/p>\n<p>&nbsp;<\/p>\n\n              <\/div>\n           <\/div>\n              <\/div>              \n<style>\n#text-box-147253019 {\n  width: 40%;\n}\n#text-box-147253019 .text {\n  font-size: 100%;\n}\n@media (min-width:550px) {\n  #text-box-147253019 {\n    width: 22%;\n  }\n}\n<\/style>\n    <\/div>\n \n   <div id=\"text-box-1046108396\" class=\"text-box banner-layer x5 md-x95 lg-x95 y70 md-y75 lg-y75 res-text\">\n              <div data-parallax=\"2\" data-parallax-fade=\"true\">                  <div class=\"text dark\">\n              \n              <div class=\"text-inner text-center\">\n                  \n\n<h1 data-animate=\"fadeInRight\">600Mbps<\/h1>\n<p data-animate=\"fadeInRight\">600Mbps DE SUBIDA <img loading=\"lazy\" decoding=\"async\" class=\"alignnonewp-image-190\" src=\"http:\/\/tamayotelecom.mx\/wp-content\/uploads\/2022\/04\/icons8-subir.gif\" alt=\"\" width=\"17\" height=\"17\">&nbsp;<\/p>\n<p data-animate=\"fadeInRight\">600Mbps DE DESCARGAR <img loading=\"lazy\" decoding=\"async\" class=\"alignnonewp-image-189\" src=\"http:\/\/tamayotelecom.mx\/wp-content\/uploads\/2022\/04\/icons8-descargar.gif\" alt=\"\" width=\"17\" height=\"17\"><\/p>\n<h3 data-animate=\"fadeInRight\">$890* al MES<\/h3>\n<p>&nbsp;<\/p>\n<p>&nbsp;<\/p>\n\n              <\/div>\n           <\/div>\n              <\/div>              \n<style>\n#text-box-1046108396 {\n  width: 40%;\n}\n#text-box-1046108396 .text {\n  font-size: 100%;\n}\n@media (min-width:550px) {\n  #text-box-1046108396 {\n    width: 23%;\n  }\n}\n<\/style>\n    <\/div>\n \n   <div id=\"text-box-323703545\" class=\"text-box banner-layer x5 md-x50 lg-x50 y85 md-y95 lg-y95 res-text\">\n              <div data-parallax=\"2\" data-parallax-fade=\"true\">                  <div class=\"text dark\">\n              \n              <div class=\"text-inner text-center\">\n                  \n\n<h1 data-animate=\"fadeInRight\">2000Mbps<\/h1>\n<p data-animate=\"fadeInRight\">2000Mbps DE SUBIDA <img loading=\"lazy\" decoding=\"async\" class=\"alignnonewp-image-190\" src=\"http:\/\/tamayotelecom.mx\/wp-content\/uploads\/2022\/04\/icons8-subir.gif\" alt=\"\" width=\"17\" height=\"17\">&nbsp;<\/p>\n<p data-animate=\"fadeInRight\">2000Mbps DE DESCARGAR <img loading=\"lazy\" decoding=\"async\" class=\"alignnonewp-image-189\" src=\"http:\/\/tamayotelecom.mx\/wp-content\/uploads\/2022\/04\/icons8-descargar.gif\" alt=\"\" width=\"17\" height=\"17\"><\/p>\n<h3 data-animate=\"fadeInRight\">$1800* al MES<\/h3>\n<p>&nbsp;<\/p>\n\n              <\/div>\n           <\/div>\n              <\/div>              \n<style>\n#text-box-323703545 {\n  width: 40%;\n}\n#text-box-323703545 .text {\n  font-size: 100%;\n}\n@media (min-width:550px) {\n  #text-box-323703545 {\n    width: 31%;\n  }\n}\n<\/style>\n    <\/div>\n \n   <div id=\"text-box-1658992106\" class=\"text-box banner-layer x95 md-x95 lg-x95 y90 md-y100 lg-y100 res-text\">\n              <div data-parallax=\"2\" data-parallax-fade=\"true\">                  <div class=\"text dark\">\n              \n              <div class=\"text-inner text-center\">\n                  \n\n<h1 data-animate=\"fadeInRight\">3000Mbps<\/h1>\n<p data-animate=\"fadeInRight\">3000Mbps DE SUBIDA <img loading=\"lazy\" decoding=\"async\" class=\"alignnonewp-image-190\" src=\"http:\/\/tamayotelecom.mx\/wp-content\/uploads\/2022\/04\/icons8-subir.gif\" alt=\"\" width=\"17\" height=\"17\">&nbsp;<\/p>\n<p data-animate=\"fadeInRight\">200Mbps DE DESCARGAR <img loading=\"lazy\" decoding=\"async\" class=\"alignnonewp-image-189\" src=\"http:\/\/tamayotelecom.mx\/wp-content\/uploads\/2022\/04\/icons8-descargar.gif\" alt=\"\" width=\"17\" height=\"17\"><\/p>\n<h3 data-animate=\"fadeInRight\">$2000* al MES<\/h3>\n<p>&nbsp;<\/p>\n<p>&nbsp;<\/p>\n\n              <\/div>\n           <\/div>\n              <\/div>              \n<style>\n#text-box-1658992106 {\n  margin: 23px 3px 15px 0px;\n  width: 43%;\n}\n#text-box-1658992106 .text {\n  font-size: 100%;\n}\n@media (min-width:550px) {\n  #text-box-1658992106 {\n    width: 21%;\n  }\n}\n<\/style>\n    <\/div>\n \n   <div id=\"text-box-19354077\" class=\"text-box banner-layer x95 md-x50 lg-x50 y20 md-y50 lg-y50 res-text\">\n              <div data-parallax=\"2\" data-parallax-fade=\"true\">                  <div class=\"text dark\">\n              \n              <div class=\"text-inner text-center\">\n                  \n\n\t<div id=\"text-3367462676\" class=\"text\">\n\t\t\t\t\n<style>\n#text-3367462676 {\n  font-size: 0.75rem;\n  line-height: 0.75;\n}\n<\/style>\n\t<\/div>\n\t\n\n<h1 data-animate=\"fadeInRight\">400Mbps<\/h1>\n<p data-animate=\"fadeInRight\">400Mbps DE SUBIDA <img loading=\"lazy\" decoding=\"async\" class=\"alignnonewp-image-190\" src=\"http:\/\/tamayotelecom.mx\/wp-content\/uploads\/2022\/04\/icons8-subir.gif\" alt=\"\" width=\"17\" height=\"17\">&nbsp;<\/p>\n<p data-animate=\"fadeInRight\">400Mbps DE DESCARGAR <img loading=\"lazy\" decoding=\"async\" class=\"alignnonewp-image-189\" src=\"http:\/\/tamayotelecom.mx\/wp-content\/uploads\/2022\/04\/icons8-descargar.gif\" alt=\"\" width=\"17\" height=\"17\"><\/p>\n<h3 data-animate=\"fadeInRight\">$500* al MES<\/h3>\n\n              <\/div>\n           <\/div>\n              <\/div>              \n<style>\n#text-box-19354077 {\n  margin: 44px 0px 0px 0px;\n  width: 41%;\n}\n#text-box-19354077 .text {\n  font-size: 100%;\n}\n@media (min-width:550px) {\n  #text-box-19354077 {\n    margin: 30px 0px 0px 0px;\n    width: 50%;\n  }\n}\n<\/style>\n    <\/div>\n \n   <div id=\"text-box-842691340\" class=\"text-box banner-layer x100 md-x90 lg-x90 y0 md-y5 lg-y5 res-text\">\n                                <div class=\"text dark\">\n              \n              <div class=\"text-inner text-center\">\n                  \n\n\t<div id=\"text-137546958\" class=\"text\">\n\t\t\n\n<h4><strong>Cont\u00e1ctanos y conoce costos de instalaci\u00f3n y requisitos de contrataci\u00f3n.<\/strong><\/h4>\n<p>\u201c**Costo de instalaci\u00f3n&nbsp; de plan&nbsp; de 200Mbps $650.\u201d&nbsp;&nbsp;<\/p>\n<p>&nbsp;\u201c*Sujeto a cobertura y a factibilidad t\u00e9cnica<\/p>\n<p>aplica t\u00e9rminos y condiciones.\u201d<\/p>\n<p>&nbsp;<\/p>\n\t\t\n<style>\n#text-137546958 {\n  font-size: 1rem;\n  line-height: 1.25;\n}\n<\/style>\n\t<\/div>\n\t\n\n              <\/div>\n           <\/div>\n                            \n<style>\n#text-box-842691340 {\n  width: 60%;\n}\n#text-box-842691340 .text {\n  font-size: 100%;\n}\n@media (min-width:550px) {\n  #text-box-842691340 {\n    width: 32%;\n  }\n}\n<\/style>\n    <\/div>\n \n\t<div class=\"img has-hover x5 md-x5 lg-x5 y5 md-y5 lg-y5\" id=\"image_668738905\">\n\t\t\t\t\t\t<div data-animate=\"fadeInLeft\">\t\t<div class=\"img-inner dark\" >\n\t\t\t<img loading=\"lazy\" decoding=\"async\" width=\"600\" height=\"250\" src=\"https:\/\/tamayotelecom.mx\/wp-content\/uploads\/2023\/03\/TechT-b-4.png\" class=\"attachment-large size-large\" alt=\"\" srcset=\"https:\/\/tamayotelecom.mx\/wp-content\/uploads\/2023\/03\/TechT-b-4.png 600w, https:\/\/tamayotelecom.mx\/wp-content\/uploads\/2023\/03\/TechT-b-4-300x125.png 300w\" sizes=\"auto, (max-width: 600px) 100vw, 600px\" \/>\t\t\t\t\t\t\n\t\t\t\t\t<\/div>\n\t\t<\/div>\t\t\t\t\t\t\n<style>\n#image_668738905 {\n  width: 32%;\n}\n@media (min-width:550px) {\n  #image_668738905 {\n    width: 31%;\n  }\n}\n<\/style>\n\t<\/div>\n\t\n\n   <div id=\"text-box-98006506\" class=\"text-box banner-layer x50 md-x50 lg-x50 y95 md-y100 lg-y100 res-text\">\n                                <div class=\"text dark\">\n              \n              <div class=\"text-inner text-center\">\n                  \n\n<a data-animate=\"fadeInDown\" href=\"https:\/\/tamayotelecom.mx\/index.php\/contacto\/\" target=\"_self\" class=\"button white is-shade is-larger box-shadow-4 box-shadow-5-hover\"  style=\"border-radius:10px;\">\n    <span>CONTRATA YA<\/span>\n  <i class=\"icon-angle-down\" ><\/i><\/a>\n\n\n\n              <\/div>\n           <\/div>\n                            \n<style>\n#text-box-98006506 {\n  width: 47%;\n}\n#text-box-98006506 .text {\n  font-size: 100%;\n}\n@media (min-width:550px) {\n  #text-box-98006506 {\n    width: 29%;\n  }\n}\n<\/style>\n    <\/div>\n \n\n        <\/div>\n      <\/div>\n\n            \n<style>\n#banner-1822366695 {\n  padding-top: 879px;\n}\n#banner-1822366695 .bg.bg-loaded {\n  background-image: url(https:\/\/tamayotelecom.mx\/wp-content\/uploads\/2022\/04\/blue-optic-fiber-with-ethernet-cable-1024x683.jpg);\n}\n#banner-1822366695 .overlay {\n  background-color: rgba(0,0,0,.5);\n}\n<\/style>\n  <\/div>\n\n\n\n  <div class=\"banner has-hover has-video\" id=\"banner-704357052\">\n          <div class=\"banner-inner fill\">\n        <div class=\"banner-bg fill\" >\n            <div class=\"bg fill bg-fill \"><\/div>\n            \t<div class=\"video-overlay no-click fill hide-for-small\"><\/div>\n\t<video class=\"video-bg fill hide-for-small\" preload playsinline autoplay\n\t\tmuted\t\tloop>\n\t\t<source src=\"http:\/\/tamayotelecom.mx\/wp-content\/uploads\/2022\/04\/couple-of-two-stylish-people-a-guy-and-a-girl-in-u-2021-11-09-14-53-20-utc-Compressed-with-FlexClip-1.mp4\" type=\"video\/mp4\">\t<\/video>\n                        \n            <div class=\"effect-sparkle bg-effect fill no-click\"><\/div>        <\/div>\n        <div class=\"banner-layers container\">\n            <div class=\"fill banner-link\"><\/div>            \n\n   <div id=\"text-box-1452709918\" class=\"text-box banner-layer x50 md-x50 lg-x50 y50 md-y50 lg-y50 res-text\">\n                                <div class=\"text dark\">\n              \n              <div class=\"text-inner text-center\">\n                  \n\n<h1 style=\"text-align: center;\" data-animate=\"fadeInUp\">DESCUBRE EL PODER DE LA FIBRA \u00d3PTICA Y DISFRUTA&nbsp;&nbsp;<\/h1>\n<h4 style=\"text-align: center;\" data-animate=\"fadeInUp\">&nbsp;<\/h4>\n\n              <\/div>\n           <\/div>\n                            \n<style>\n#text-box-1452709918 {\n  width: 78%;\n}\n#text-box-1452709918 .text {\n  font-size: 100%;\n}\n@media (min-width:550px) {\n  #text-box-1452709918 {\n    width: 60%;\n  }\n}\n<\/style>\n    <\/div>\n \n\n        <\/div>\n      <\/div>\n\n            \n<style>\n#banner-704357052 {\n  padding-top: 414px;\n  background-color: rgb(113, 117, 186);\n}\n#banner-704357052 .bg.bg-loaded {\n  background-image: url(https:\/\/tamayotelecom.mx\/wp-content\/uploads\/2022\/04\/the-internet-is-sometimes-all-the-company-we-need-2022-03-29-07-08-54-utc-1024x684.jpg);\n}\n<\/style>\n  <\/div>\n\n\n\n","protected":false},"excerpt":{"rendered":"","protected":false},"author":1,"featured_media":0,"parent":0,"menu_order":0,"comment_status":"closed","ping_status":"closed","template":"page-blank.php","meta":{"footnotes":""},"class_list":["post-293","page","type-page","status-publish","hentry"],"_links":{"self":[{"href":"https:\/\/tamayotelecom.mx\/index.php\/wp-json\/wp\/v2\/pages\/293","targetHints":{"allow":["GET"]}}],"collection":[{"href":"https:\/\/tamayotelecom.mx\/index.php\/wp-json\/wp\/v2\/pages"}],"about":[{"href":"https:\/\/tamayotelecom.mx\/index.php\/wp-json\/wp\/v2\/types\/page"}],"author":[{"embeddable":true,"href":"https:\/\/tamayotelecom.mx\/index.php\/wp-json\/wp\/v2\/users\/1"}],"replies":[{"embeddable":true,"href":"https:\/\/tamayotelecom.mx\/index.php\/wp-json\/wp\/v2\/comments?post=293"}],"version-history":[{"count":32,"href":"https:\/\/tamayotelecom.mx\/index.php\/wp-json\/wp\/v2\/pages\/293\/revisions"}],"predecessor-version":[{"id":751,"href":"https:\/\/tamayotelecom.mx\/index.php\/wp-json\/wp\/v2\/pages\/293\/revisions\/751"}],"wp:attachment":[{"href":"https:\/\/tamayotelecom.mx\/index.php\/wp-json\/wp\/v2\/media?parent=293"}],"curies":[{"name":"wp","href":"https:\/\/api.w.org\/{rel}","templated":true}]}}